{"id":344,"date":"2020-08-06T10:55:51","date_gmt":"2020-08-06T10:55:51","guid":{"rendered":"http:\/\/localhost\/demo\/?page_id=344"},"modified":"2022-03-22T22:48:05","modified_gmt":"2022-03-22T22:48:05","slug":"home-v13","status":"publish","type":"page","link":"https:\/\/caminodevidadejandohuellas.org\/","title":{"rendered":"Home v13"},"content":{"rendered":"<p>[vc_section full_width=&#8221;stretch_row_content&#8221;][vc_row][vc_column css=&#8221;.vc_custom_1647913806498{padding-right: 0px !important;padding-left: 0px !important;}&#8221;][sober_banner image_size=&#8221;full&#8221; text_position=&#8221;center&#8221; image=&#8221;449&#8243;][\/sober_banner][\/vc_column][\/vc_row][\/vc_section][vc_section full_width=&#8221;stretch_row_content&#8221; css=&#8221;.vc_custom_1647988879611{padding-top: 3em !important;padding-right: 5% !important;padding-bottom: 3em !important;padding-left: 5% !important;}&#8221;][vc_row][vc_column width=&#8221;1\/2&#8243;][vc_single_image image=&#8221;392&#8243; img_size=&#8221;medium&#8221; alignment=&#8221;center&#8221; style=&#8221;vc_box_circle&#8221;][\/vc_column][vc_column width=&#8221;1\/2&#8243;][vc_custom_heading text=&#8221;Nuestra vocaci\u00f3n es guiar a los ni\u00f1os y apoyar familias de forma integral.&#8221; font_container=&#8221;tag:h2|font_size:3em|text_align:center|color:%234bc6e5|line_height:1em&#8221; google_fonts=&#8221;font_family:Coda%3Aregular%2C800|font_style:400%20regular%3A400%3Anormal&#8221; css=&#8221;.vc_custom_1647989043267{padding-top: 1em !important;padding-right: 2em !important;padding-left: 2em !important;}&#8221;][\/vc_column][\/vc_row][\/vc_section][vc_section full_width=&#8221;stretch_row&#8221; css=&#8221;.vc_custom_1647989157416{padding-top: 2em !important;padding-bottom: 0px !important;background-color: #f9f9f9 !important;}&#8221;][vc_row equal_height=&#8221;yes&#8221;][vc_column width=&#8221;1\/2&#8243;][vc_single_image image=&#8221;446&#8243; img_size=&#8221;full&#8221; alignment=&#8221;center&#8221;][\/vc_column][vc_column width=&#8221;1\/2&#8243;][vc_custom_heading text=&#8221;Nuestro nombre es inspirado en el evangelio de Juan 14:6. Jes\u00fas dijo: &#8220;Yo soy el camino, y la verdad, y la vida; nadie viene al Padre, sino por m\u00ed&#8220;&#8221; font_container=&#8221;tag:p|font_size:2em|text_align:left|color:%233888e2|line_height:1em&#8221; google_fonts=&#8221;font_family:Coda%3Aregular%2C800|font_style:400%20regular%3A400%3Anormal&#8221; css=&#8221;.vc_custom_1647909975447{padding-top: 0.5em !important;}&#8221;][\/vc_column][\/vc_row][\/vc_section][vc_section css=&#8221;.vc_custom_1647912742049{margin-top: 3em !important;}&#8221;][vc_row][vc_column][vc_text_separator title=&#8221;QUIENES SOMOS&#8221; color=&#8221;custom&#8221; accent_color=&#8221;#3888e2&#8243; el_class=&#8221;section-title&#8221; css=&#8221;.vc_custom_1647960329461{margin-top: 0.5em !important;margin-bottom: 0.5em !important;}&#8221;][\/vc_column][\/vc_row][vc_row][vc_column width=&#8221;2\/3&#8243;][vc_column_text]La Fundaci\u00f3n Camino de Vida Dejando Huellas, es una instituci\u00f3n de ayuda social sin \u00e1nimo de lucro, con su sede principal en Cali Colombia.<\/p>\n<p>El objeto principal de la entidad es el servicio social, basado en principios y valores cristianos que lleven a la transformaci\u00f3n integral y mejoramiento de las condiciones de vida de los ni\u00f1os, ni\u00f1as, j\u00f3venes de alto riesgo, mujeres cabeza de hogar y poblaci\u00f3n en situaci\u00f3n vulnerable de la ciudad de Santiago de Cali; a trav\u00e9s del desarrollo de proyectos, programas y planes de beneficio para las comunidades con prioridad en la educaci\u00f3n, cultura, deporte, recreaci\u00f3n, salud, microempresa, vivienda, gesti\u00f3n de empleo, capacitaci\u00f3n en valores espirituales, morales y sociales necesarios para una vida digna en comunidad.[\/vc_column_text][\/vc_column][vc_column width=&#8221;1\/3&#8243;][vc_single_image image=&#8221;414&#8243; img_size=&#8221;250X250&#8243; alignment=&#8221;center&#8221; style=&#8221;vc_box_circle_2&#8243;][\/vc_column][\/vc_row][\/vc_section][vc_section full_width=&#8221;stretch_row&#8221; css=&#8221;.vc_custom_1647960352315{margin-top: 3em !important;padding-top: 2em !important;padding-bottom: 3em !important;background-color: #d7f1f7 !important;}&#8221;][vc_row][vc_column width=&#8221;1\/2&#8243;][vc_text_separator title=&#8221;MISI\u00d3N&#8221; color=&#8221;custom&#8221; accent_color=&#8221;#3888e2&#8243; el_class=&#8221;section-title&#8221; css=&#8221;.vc_custom_1647960423914{margin-bottom: 1em !important;}&#8221;][vc_column_text]Trabajamos solidaria y participativamente para propiciar el desarrollo integral del ser humano, a trav\u00e9s de proyectos espirituales, sociales, empresariales, culturales, deportivos centrando nuestra acci\u00f3n en el mejoramiento de la calidad de vida de la poblaci\u00f3n colombiana m\u00e1s pobre, vulnerable y marginada.[\/vc_column_text][\/vc_column][vc_column width=&#8221;1\/2&#8243;][vc_text_separator title=&#8221;VISI\u00d3N&#8221; color=&#8221;custom&#8221; accent_color=&#8221;#3888e2&#8243; el_class=&#8221;section-title&#8221; css=&#8221;.vc_custom_1647960434353{margin-bottom: 1em !important;}&#8221;][vc_column_text]La Fundaci\u00f3n Camino de vida Dejando Huellas, ser\u00e1 una entidad posicionada a Nivel nacional e internacional; confiable, solida, generadora de importantes cambios en los diferentes sectores donde est\u00e1 llamada a desarrollar su objeto social.[\/vc_column_text][\/vc_column][\/vc_row][\/vc_section][vc_section full_width=&#8221;stretch_row_content&#8221; css=&#8221;.vc_custom_1647960395243{margin-top: 3em !important;}&#8221;][vc_row][vc_column][vc_separator color=&#8221;custom&#8221; border_width=&#8221;2&#8243; accent_color=&#8221;#3888e2&#8243;][vc_custom_heading text=&#8221;PROGRAMAS Y PROYECTOS&#8221; font_container=&#8221;tag:h2|font_size:2em|text_align:center&#8221; google_fonts=&#8221;font_family:Coda%3Aregular%2C800|font_style:400%20regular%3A400%3Anormal&#8221; css=&#8221;.vc_custom_1647914723204{margin-top: 1em !important;}&#8221;][\/vc_column][\/vc_row][vc_row css=&#8221;.vc_custom_1647915623029{padding-top: 2em !important;padding-right: 8% !important;padding-left: 8% !important;background-color: #f9f9f9 !important;}&#8221;][vc_column width=&#8221;3\/4&#8243;][vc_text_separator title=&#8221;Fundaci\u00f3n Kids e Impacto Juvenil&#8221; title_align=&#8221;separator_align_left&#8221; align=&#8221;align_right&#8221; color=&#8221;custom&#8221; accent_color=&#8221;#3888e2&#8243; el_class=&#8221;section-title&#8221;][vc_column_text css=&#8221;.vc_custom_1647914261218{margin-top: 1em !important;}&#8221;]Este proyecto RECREATIVO, CULTURAL Y DEPORTIVO incorpora unas nuevas acciones educativas orientadas en la formaci\u00f3n integral de los ni\u00f1os y adolescentes de alto riesgo de nuestra comunidad, a trav\u00e9s del deporte, la m\u00fasica y la danza.<br \/>\nPrograma Fundaci\u00f3n Kids est\u00e1 dirigido a ni\u00f1os(as) entre 3 y 10 a\u00f1os e impacto Juvenil dirigido a adolescentes entre 11 a 15 a\u00f1os de edad. Complementamos la educaci\u00f3n de los ni\u00f1os y adolescentes con actividades recreativas, deportivas y culturales. Ofrecemos talleres, salidas recreativas, programa musical, danza y teatro.[\/vc_column_text][\/vc_column][vc_column width=&#8221;1\/4&#8243;][vc_gallery interval=&#8221;3&#8243; images=&#8221;418,419,420,421&#8243; img_size=&#8221;500&#215;500&#8243;][\/vc_column][\/vc_row][vc_row css=&#8221;.vc_custom_1647915636315{padding-top: 2em !important;padding-right: 8% !important;padding-left: 8% !important;}&#8221;][vc_column width=&#8221;1\/4&#8243;][vc_gallery interval=&#8221;3&#8243; images=&#8221;423,424,425&#8243; img_size=&#8221;500&#215;500&#8243;][\/vc_column][vc_column width=&#8221;3\/4&#8243;][vc_text_separator title=&#8221;Mercado de pulgas&#8221; title_align=&#8221;separator_align_right&#8221; align=&#8221;align_left&#8221; color=&#8221;custom&#8221; accent_color=&#8221;#3888e2&#8243; el_class=&#8221;section-title&#8221;][vc_column_text css=&#8221;.vc_custom_1647914874948{margin-top: 1em !important;}&#8221;]Es un emprendimiento de la Fundaci\u00f3n con la cual se generan recursos para el sostenimiento econ\u00f3mico de las diferentes actividades que se realizan. Con cada aporte se logra beneficiar a m\u00e1s de 90 ni\u00f1os de escasos recursos de nuestra comunidad. \u00a1Apoya este proyecto!<\/p>\n<ul>\n<li>Adquiriendo art\u00edculos, ropa y mucho m\u00e1s.<\/li>\n<li>Donando ropa y art\u00edculos nuevos o usados.<\/li>\n<li>Compartiendo este programa para que m\u00e1s familias sean beneficiadas.<\/li>\n<\/ul>\n<p>[\/vc_column_text][\/vc_column][\/vc_row][vc_row css=&#8221;.vc_custom_1647915656596{padding-top: 2em !important;padding-right: 8% !important;padding-left: 8% !important;background-color: #f9f9f9 !important;}&#8221;][vc_column width=&#8221;3\/4&#8243;][vc_text_separator title=&#8221;Ayudas Solidarias y Tienda Comunitaria&#8221; title_align=&#8221;separator_align_left&#8221; align=&#8221;align_right&#8221; color=&#8221;custom&#8221; accent_color=&#8221;#3888e2&#8243; el_class=&#8221;section-title&#8221;][vc_column_text css=&#8221;.vc_custom_1647915038036{margin-top: 1em !important;}&#8221;]Dirigido a la comunidad de la comuna 13 en Cali, con este programa alcanzamos a beneficiar familias de escasos recursos econ\u00f3micos, logrando impactar positivamente la calidad de vida de cada una de ellas, a trav\u00e9s de generar programas de apoyo, para el fortalecimiento de la canasta familiar como donativos en especie y nuestro nuevo proyecto en curso Tienda comunitaria el cual nos permitir\u00e1 ofrecer productos de la canasta b\u00e1sica a bajos costos, generando nuevos empleos y apoyando la econom\u00eda de las familias beneficiadas.[\/vc_column_text][\/vc_column][vc_column width=&#8221;1\/4&#8243;][vc_gallery interval=&#8221;3&#8243; images=&#8221;426,427,428,429,430,431,432,433,434,435&#8243; img_size=&#8221;500&#215;500&#8243;][\/vc_column][\/vc_row][vc_row css=&#8221;.vc_custom_1647960500387{padding-top: 2em !important;padding-right: 8% !important;padding-left: 8% !important;}&#8221;][vc_column width=&#8221;1\/4&#8243;][vc_gallery interval=&#8221;3&#8243; images=&#8221;438,439,436,437,440,441&#8243; img_size=&#8221;500&#215;500&#8243;][\/vc_column][vc_column width=&#8221;3\/4&#8243;][vc_text_separator title=&#8221;Programa Pastoral&#8221; title_align=&#8221;separator_align_right&#8221; align=&#8221;align_left&#8221; color=&#8221;custom&#8221; accent_color=&#8221;#3888e2&#8243; el_class=&#8221;section-title&#8221;][vc_column_text css=&#8221;.vc_custom_1647915996655{margin-top: 1em !important;}&#8221;]Realizamos proyectos basados en principios y valores cristianos que conlleven a un crecimiento integral del ser, mejorando la calidad de vida de las familias para una mejor integraci\u00f3n social.<\/p>\n<p>Actividades:<\/p>\n<ul>\n<li>Jornadas de Oraci\u00f3n y Reflexi\u00f3n.<\/li>\n<li>Apoyo espiritual a familias.<\/li>\n<li>Consejer\u00eda.<\/li>\n<li>Talleres de crecimiento personal.<\/li>\n<li>Capacitaciones en teolog\u00eda y ciencias Religiosas.<\/li>\n<li>Encuentros, seminarios, re\u00edros y convivencias.<\/li>\n<\/ul>\n<p>[\/vc_column_text][\/vc_column][\/vc_row][\/vc_section][vc_section full_width=&#8221;stretch_row&#8221; css=&#8221;.vc_custom_1647960526401{margin-top: 3em !important;padding-top: 2em !important;padding-bottom: 2em !important;background-color: #d7f1f7 !important;}&#8221;][vc_row][vc_column][vc_text_separator title=&#8221;NUESTRA HISTORIA&#8221; color=&#8221;custom&#8221; accent_color=&#8221;#3888e2&#8243; el_class=&#8221;section-title&#8221; css=&#8221;.vc_custom_1647960543027{margin-bottom: 1em !important;}&#8221;][\/vc_column][\/vc_row][vc_row][vc_column width=&#8221;2\/3&#8243;][vc_column_text]A trav\u00e9s de identificar las necesidades de nuestra comunidad infantil y la importancia de fortalecerla, no solamente en el \u00e1rea acad\u00e9mica sino tambi\u00e9n poder suplir sus necesidades de forma integral, se cre\u00f3 Colegio Cristiano Camino de Vida, fundado hace m\u00e1s de 14 a\u00f1os. Logrando beneficiar la poblaci\u00f3n infantil m\u00e1s vulnerable del distrito de Aguablanca comuna 13 Cali (Colombia), desarrollando actividades de educaci\u00f3n acad\u00e9mica, art\u00edstica, recreaci\u00f3n, alimentaci\u00f3n, escuela de padres entre otros.<br \/>\nAl ver el aumento de las necesidades de la comunidad se ampli\u00f3 la visi\u00f3n de ayuda social, aportando beneficios no solo a la poblaci\u00f3n infantil, sino tambi\u00e9n a todo aquel que necesite ayuda solidaria en diferentes \u00e1reas. Y ahora somos Fundaci\u00f3n Camino de Vida Dejando Huellas[\/vc_column_text][\/vc_column][vc_column width=&#8221;1\/3&#8243;][vc_images_carousel images=&#8221;443,444,445&#8243; img_size=&#8221;350&#215;350&#8243;][\/vc_column][\/vc_row][\/vc_section]<\/p>\n","protected":false},"excerpt":{"rendered":"<p>[vc_section full_width=&#8221;stretch_row_content&#8221;][vc_row][vc_column css=&#8221;.vc_custom_1647913806498{padding-right: 0px !important;padding-left: 0px !important;}&#8221;][sober_banner image_size=&#8221;full&#8221; text_position=&#8221;center&#8221; image=&#8221;449&#8243;][\/sober_banner][\/vc_column][\/vc_row][\/vc_section][vc_section full_width=&#8221;stretch_row_content&#8221; css=&#8221;.vc_custom_1647988879611{padding-top: 3em !important;padding-right: 5% !important;padding-bottom: 3em !important;padding-left: 5% !important;}&#8221;][vc_row][vc_column width=&#8221;1\/2&#8243;][vc_single_image image=&#8221;392&#8243; img_size=&#8221;medium&#8221; alignment=&#8221;center&#8221; style=&#8221;vc_box_circle&#8221;][\/vc_column][vc_column width=&#8221;1\/2&#8243;][vc_custom_heading text=&#8221;Nuestra vocaci\u00f3n es guiar&hellip;<\/p>\n","protected":false},"author":1,"featured_media":0,"parent":0,"menu_order":0,"comment_status":"closed","ping_status":"closed","template":"","meta":{"footnotes":""},"class_list":["post-344","page","type-page","status-publish","hentry"],"_links":{"self":[{"href":"https:\/\/caminodevidadejandohuellas.org\/index.php?rest_route=\/wp\/v2\/pages\/344","targetHints":{"allow":["GET"]}}],"collection":[{"href":"https:\/\/caminodevidadejandohuellas.org\/index.php?rest_route=\/wp\/v2\/pages"}],"about":[{"href":"https:\/\/caminodevidadejandohuellas.org\/index.php?rest_route=\/wp\/v2\/types\/page"}],"author":[{"embeddable":true,"href":"https:\/\/caminodevidadejandohuellas.org\/index.php?rest_route=\/wp\/v2\/users\/1"}],"replies":[{"embeddable":true,"href":"https:\/\/caminodevidadejandohuellas.org\/index.php?rest_route=%2Fwp%2Fv2%2Fcomments&post=344"}],"version-history":[{"count":20,"href":"https:\/\/caminodevidadejandohuellas.org\/index.php?rest_route=\/wp\/v2\/pages\/344\/revisions"}],"predecessor-version":[{"id":455,"href":"https:\/\/caminodevidadejandohuellas.org\/index.php?rest_route=\/wp\/v2\/pages\/344\/revisions\/455"}],"wp:attachment":[{"href":"https:\/\/caminodevidadejandohuellas.org\/index.php?rest_route=%2Fwp%2Fv2%2Fmedia&parent=344"}],"curies":[{"name":"wp","href":"https:\/\/api.w.org\/{rel}","templated":true}]}}